{"id":124,"date":"2017-10-15T20:15:02","date_gmt":"2017-10-15T20:15:02","guid":{"rendered":"https:\/\/createrefresh.eu\/faq\/"},"modified":"2018-10-25T16:15:23","modified_gmt":"2018-10-25T16:15:23","slug":"faq","status":"publish","type":"page","link":"https:\/\/createrefresh.eu\/de\/faq\/","title":{"rendered":"FAQ"},"content":{"rendered":"<h2>Was ist Artikel 13?<\/h2>\n<p>Artikel 13 ist eine Bestimmung der EU-Urheberrechtsreform, die vorschreibt, dass alle ins Internet hochgeladenen Inhalte \u00fcberwacht und m\u00f6glicherweise gel\u00f6scht werden k\u00f6nnen, wenn eine \u00c4hnlichkeit mit bestehenden urheberrechtlich gesch\u00fctzten Inhalten festgestellt wird. Die EU-Gesetzgeber verhandeln derzeit \u00fcber die endg\u00fcltige Fassung, die Ende des Jahres zur MdEP-Abstimmung kommen wird.<\/p>\n<p>Mehr dazu erfahren <a href=\"https:\/\/www.create.ac.uk\/policy-responses\/eu-copyright-reform\/\" rel=\"noopener\" target=\"_blank\">Sie hier<\/a>.<\/p>\n<h2>Wie betrifft mich Artikel 13?<\/h2>\n<p class=\"p1\"><span class=\"s1\">Ob K\u00fcnstler und Macher oder Konsument, jeder, der das Internet nutzt, wird von dem Gesetz betroffen sein &#8211; darum m\u00fcssen wir uns alle dagegen aussprechen.<\/span><\/p>\n<p class=\"p1\"><span class=\"s1\">Wenn du ein K\u00fcnstler und Macher oder ein unabh\u00e4ngiges Unternehmen bist, dann kann der <i>Content<\/i>, den du hochl\u00e4dst, um ihn mit deinem Publikum zu teilen, ohne deine Einstimmung gel\u00f6scht werden. K\u00fcnstler und Macher umfassen Karikaturisten, Gamer, Designer, Illustratoren, Fotografen, Dokumentarfilmer, Animatoren, Musiker, DJs, T\u00e4nzer, Blogger, Journalisten, Tech-Experten und viele mehr.<\/span><\/p>\n<p class=\"p1\"><span class=\"s1\">Online-Plattformen wird vorgeschrieben, dass sie komplexe Filtersysteme installieren m\u00fcssen. Sie sind dann f\u00fcr alle potentiellen Urheberrechtsverletzungen haftbar, was zu Geldstrafen f\u00fchren kann, die ihr Gesch\u00e4ftsmodell zerst\u00f6ren k\u00f6nnen.<\/span><\/p>\n<p class=\"p1\"><span class=\"s1\">Artikel 13 w\u00fcrde die M\u00f6glichkeit aller Internetnutzer beschneiden, <i>Content<\/i> zu konsumieren &#8211; das bedeutet, sie sind nicht mehr in der Lage, verschiedene Arten von Kreativit\u00e4t zu finden und zu genie\u00dfen &#8211; <i>Content<\/i>, an den sie gew\u00f6hnt sind. Die Tage sind gez\u00e4hlt, an denen es m\u00f6glich war, durch GIFs und Memes zu kommunizieren, unsere beliebtesten Remixes online zu h\u00f6ren oder Karaoke\/Videos von unseren Freunden zu teilen.<\/span><\/p>\n<p class=\"p1\"><span class=\"s1\">Letzten Endes wird dadurch die Internet-Kultur, wie sie in den letzten Jahren entstanden ist &#8211; eine Kultur, die Kontaktaufnahmen erm\u00f6glicht und Information allgemein zug\u00e4nglich macht &#8211; b\u00fcrokratischer und restriktiver.<\/span><\/p>\n<h2>Wessen Initiative ist das?<\/h2>\n<p>Create.Refresh ist eine Initiative, die von zivilgesellschaftlichen Organisationen initiiert und durch K\u00fcnstler und Macher aus verschiedenen Bereichen verst\u00e4rkt wurde.<\/p>\n<h2>Wie kann ich an der Kampagne teilnehmen?<\/h2>\n<p>Wir laden alle Einzelpersonen und Organisationen dazu ein, die Kampagne auf verschiedene Weise zu unterst\u00fctzen:<\/p>\n<ul>\n<li>Zeige deine Unterst\u00fctzung, in dem du das Logo auf deiner Homepage platzierst<br \/>\nF\u00fcge deine Stimme zur Debatte hinzu. Unsere Botschaft ist st\u00e4rker, wenn sich verschiedene Stimmen daran beteiligen.<\/li>\n<li>Unseren Content in deinen Social-Media-Kan\u00e4len teilen<br \/>\nWir haben Videos, Infographics, GIFs, Memes und anderes Material produziert, dass die Auswirkungen von restriktiven Filtersystemen thematisiert. Du kannst uns helfen, unsere Botschaft zu verbreiten.<\/li>\n<li>Schaffe Content im Rahmen der Kampagnen-Botschaft<br \/>\nWenn du ein Macher, K\u00fcnstler oder Kreativunternehmen bist, dann kannst du deine Idee einreichen und dich f\u00fcr ein Stipendium bewerben, um deinen Beitrag zu herzustellen. <a href=\"mailto:hello@createrefresh.eu\">Frage nach dem Kreativen Briefing, um daran teilzunehmen.\u00a0<\/a><\/li>\n<\/ul>\n<h2>Was wollen wir mit der Kampagne erreichen?<\/h2>\n<p>Unser Ziel ist es, Artikel 13 nachbessern zu lassen \u2013 zur Verteidigung der Meinungsfreiheit und der europ\u00e4ischen digitalen Kultur.<\/p>\n<h2>Wie sieht Create.Refresh das Urheberrecht?<\/h2>\n<p>Wir glauben an das Prinzip des Urheberrechts als legales Werkzeug zum Schutz von Urhebern. Da wir den Wert, den das Urheberrecht f\u00fcr Urheber und f\u00fcr die F\u00f6rderung von Kultur, Innovation und Wirtschaft darstellt, anerkennen und preisen, fordern wir politische Entscheidungstr\u00e4ger in der EU dazu auf, einen Rechtsrahmen zu schaffen, der die Interessen der Urheber wahrt, w\u00e4hrend wir unseren Weg durch das erste Viertel des 21. Jahrhunderts und dar\u00fcber hinaus bahnen.<\/p>\n<p>Waehrend wir das Urheberrecht neu \u00fcberdenken, muss ein faires Umfeld geschaffen werden, damit Urheber erfolgreich sein k\u00f6nnen. Das Internet ist ein Ort, in dem Urheber ihr Talent, Ihre Ideen und ihre Arbeit pflegen und f\u00f6rdern k\u00f6nnen. Als solches muss Sie sich weiterentwickeln, um die Urheber mit Inspirationen, Wissen, Informationen und Verteilungsm\u00f6glichkeiten zu versorgen. Dies kann durch partizipative Mechanismen erm\u00f6glicht werden, die es Sch\u00f6pfern erlaubt, Teil der Urheberrechtsdebatte zu sein. Create.Refresh soll Urheber in ganz Europa dazu bef\u00e4higen, ihre Stimmen zu vereinen und ein ausgewogenes Urheberrecht zu gestalten.<\/p>\n<h2>Wie ist die Stellung von Create.Refresh in Bezug auf Piraterie?<\/h2>\n<p>Create.Refresh lehnt Piraterie entschieden ab. Wir glauben, dass abgesehen von der Gew\u00e4hrleistung der Verf\u00fcgbarkeit von vielf\u00e4ltigen, zug\u00e4nglichen und rechtlichen Inhalten, Mechanismen zur Abschreckung und Bestrafung dieser Praxis geschaffen werden m\u00fcssen. Jede L\u00f6sung in dieser Frage sollte darauf ausgerichtet sein, die Interessen aller Urheber \u2013 einschlie\u00dflich unabh\u00e4ngiger Urheber und Unternehmen \u2013 zu sch\u00fctzen, und nicht nur die Interessen der gro\u00dfen Medienunternehmen. Wir glauben, dass dies getan werden kann und sollte, unter Wahrung der Grundrechte und Freiheiten, und durch die Aufrechterhaltung eines offenen Internet f\u00fcr Urheber. Die Gesetzgebung muss sich mit der Technologie nebenher entwickeln und einen Rahmen schaffen, der es erm\u00f6glicht, dass Kreativit\u00e4t, ohne \u00dcbertretung in Form von Zensur oder in Form von Piraterie, frei flie\u00dfen kann.<\/p>\n<h2>Wessen Initiative ist das?<\/h2>\n<p>Create.Refresh ist eine Initiative die Auswirkungen der Urheberrechtsgesetzgebung hervorhebt \u2013 besonders f\u00fcr unabh\u00e4ngige Urheber und kleine bis mittelst\u00e4ndische Unternehmen \u2013 mit dem ultimativen Ziel, ein integratives Gespr\u00e4ch f\u00fcr ein ausgewogenes Urheberrecht zu starten. Es wird von CCIA (Computer and Communications Industry Association), Kennisland, Copyright for Creativity und CDT (Center for Democracy and Technology) finanziert, von Organisationen der Zivilgesellschaft unterst\u00fctzt und von Urheber aus verschiedenen Bereichen verst\u00e4rkt.<\/p>\n<h2>In welcher Weise unterst\u00fctzt die Kampagne Urheber bei der Erschaffung von Inhalten?<\/h2>\n<p>Create.Refresh unterst\u00fctzt Urheber in mehrfacher Hinsicht. Wir informieren in Bezug auf die vorgeschlagene Urheberrechtsreform, insbesondere auf Artikel 13, sowie auf den Standpunkt, den Werten und den Zielen der Kampagne. In den F\u00e4llen, in denen Urheber Inhalte erschaffen m\u00f6chten, die M\u00f6glichkeiten zur Schaffung eines fairen Urheberrechtsumfelds bieten und eine Finanzierung f\u00fcr diese Produktion erfordern, gew\u00e4hren wir Mikrozusch\u00fcsse, um sie zu unterst\u00fctzen. Urheber werden ermutigt, sich f\u00fcr diese Zusch\u00fcsse zu bewerben, die die Produktionskosten der Ideen decken sollen, die Sie zum Leben erwecken m\u00f6chten. Diese Mikrozusch\u00fcsse stellen sicher, dass Urheber in der Lage sind, sich auszudr\u00fccken und dass Sie nicht aus dem Gespr\u00e4ch \u00fcber das Urheberrecht ausgelassen werden. Create.Refresh unterst\u00fctzt auch Urheber bei der Verst\u00e4rkung ihrer Stimmen, indem Sie Ihre Inhalte \u00fcber verschiedene Netzwerke verteilen. Wir vereinigen alle Inhalte, die von unseren #CreatorsNetwork produziert werden, um eine starke Botschaft zu senden: Es ist Zeit f\u00fcr Urheber, ein ausgewogenes Urheberrecht zu fordern, so dass Ihre Interessen und ihre Meinungsfreiheit gesch\u00fctzt werden.<\/p>\n<h2>An wen kann ich mich wenden, um mehr informationen zu erhalten?<\/h2>\n<p class=\"p1\"><span class=\"s1\">Wenn du mehr \u00fcber die Kampagne erfahren m\u00f6chtest, unsere Botschaft guthei\u00dfen willst oder selbst <i>Content<\/i> zu dem Thema produzieren m\u00f6chtest, dann schreib an<\/span> <a href=\"mailto:hello@createrefresh.eu\"><span class=\" author-d-iz88z86z86za0dz67zz78zz78zz74zz68zjz80zz71z9iz90z9pelz84zz87zbctz68z40b7dz83zquz79zqz79z9z73zaz74zg5gz72z5a\">hello@createrefresh.eu<\/span><\/a>.<\/p>\n","protected":false},"excerpt":{"rendered":"<p>Was ist Artikel 13? Artikel 13 ist eine Bestimmung der EU-Urheberrechtsreform, die vorschreibt, dass alle ins Internet hochgeladenen Inhalte \u00fcberwacht und m\u00f6glicherweise gel\u00f6scht werden k\u00f6nnen, wenn eine \u00c4hnlichkeit mit bestehenden urheberrechtlich gesch\u00fctzten Inhalten festgestellt wird. Die EU-Gesetzgeber verhandeln derzeit \u00fcber die endg\u00fcltige Fassung, die Ende des Jahres zur MdEP-Abstimmung kommen wird. Mehr dazu erfahren Sie [&hellip;]<\/p>\n","protected":false},"author":1,"featured_media":0,"parent":0,"menu_order":0,"comment_status":"closed","ping_status":"closed","template":"template-hygeine.php","meta":{"footnotes":""},"class_list":["post-124","page","type-page","status-publish","hentry"],"_links":{"self":[{"href":"https:\/\/createrefresh.eu\/de\/wp-json\/wp\/v2\/pages\/124\/"}],"collection":[{"href":"https:\/\/createrefresh.eu\/de\/wp-json\/wp\/v2\/pages\/"}],"about":[{"href":"https:\/\/createrefresh.eu\/de\/wp-json\/wp\/v2\/types\/page\/"}],"author":[{"embeddable":true,"href":"https:\/\/createrefresh.eu\/de\/wp-json\/wp\/v2\/users\/1\/"}],"replies":[{"embeddable":true,"href":"https:\/\/createrefresh.eu\/de\/wp-json\/wp\/v2\/comments\/?post=124"}],"version-history":[{"count":0,"href":"https:\/\/createrefresh.eu\/de\/wp-json\/wp\/v2\/pages\/124\/revisions\/"}],"wp:attachment":[{"href":"https:\/\/createrefresh.eu\/de\/wp-json\/wp\/v2\/media\/?parent=124"}],"curies":[{"name":"wp","href":"https:\/\/api.w.org\/{rel}","templated":true}]}}