{"id":918,"date":"2018-10-07T10:58:38","date_gmt":"2018-10-07T10:58:38","guid":{"rendered":"https:\/\/createrefresh.eu\/?page_id=918"},"modified":"2018-10-27T10:24:10","modified_gmt":"2018-10-27T10:24:10","slug":"unternimm-etwas","status":"publish","type":"page","link":"https:\/\/createrefresh.eu\/de\/unternimm-etwas\/","title":{"rendered":"Unternimm etwas"},"content":{"rendered":"<p>Wir sind Autoren aus ganz Europa, die sich gemeinsam f\u00fcr die Verteidigung des offenen Internets einsetzen.<\/p>\n<p>Wenn die EU <a href=\"https:\/\/createrefresh.eu\/de\/faq\/\" rel=\"noopener\" target=\"_blank\">Artikel 13<\/a> ihrer strengen Urheberrechtsrichtlinie sich nicht \u00e4ndern, dann wird unsere F\u00e4higkeit, Inhalte zu schaffen, ein Publikum zu finden und online Geld zu verdienen, in Gefahr geraten.<\/p>\n<p>In den n\u00e4chsten Monaten verhandeln das Europ\u00e4ische Parlament, die Europ\u00e4ische Kommission und der Europ\u00e4ische Rat \u00fcber eine endg\u00fcltige Fassung von Artikel 13. Wir fordern sie daher auf, den Vorschlag auf folgende Weise zu korrigieren:<\/p>\n<ul>\n<li>Schr\u00e4nken Sie unsere F\u00e4higkeit nicht ein, Zielgruppen zu finden und online Karriere zu machen<\/li>\n<li>Stellen Sie sicher, dass Autoren und Benutzer weiterhin die Vorteile offener Plattformen nutzen k\u00f6nnen, auf denen jeder Inhalte hochladen und ein globales Publikum erreichen kann<\/li>\n<li>Unterdr\u00fccken Sie nicht unsere Kreativit\u00e4t, indem Sie Online-Plattformen dazu bringen, Uploads zu zensieren<\/li>\n<\/ul>\n<p>Wenn Sie dem zustimmen, dann registrieren Sie sich f\u00fcr unsere Kampagne und erfahren Sie von all den M\u00f6glichkeiten, wie Sie aktiv werden k\u00f6nnen.<\/p>\n<h2>Teilen Sie unser Video<\/h2>\n<div class=\"embed-container\"><iframe loading=\"lazy\" width=\"593\" height=\"445\" src=\"https:\/\/www.youtube.com\/embed\/dqs-Exiuf1s?feature=oembed\" frameborder=\"0\" allow=\"autoplay; encrypted-media\" allowfullscreen><\/iframe><\/div>\n<h2>An wen kann ich mich f\u00fcr weitere Informationen wenden?<\/h2>\n<p>Wenn Sie mehr \u00fcber das Netzwerk Create.Refresh erfahren oder Inhalte rund um das Thema erstellen m\u00f6chten, wenden Sie sich bitte an <a href=\"mailto:hello@createrefresh.eu\" rel=\"noopener\" target=\"_blank\">hello@createrefresh.eu<\/a> <\/p>\n","protected":false},"excerpt":{"rendered":"<p>Wir sind Autoren aus ganz Europa, die sich gemeinsam f\u00fcr die Verteidigung des offenen Internets einsetzen. Wenn die EU Artikel 13 ihrer strengen Urheberrechtsrichtlinie sich nicht \u00e4ndern, dann wird unsere F\u00e4higkeit, Inhalte zu schaffen, ein Publikum zu finden und online Geld zu verdienen, in Gefahr geraten. In den n\u00e4chsten Monaten verhandeln das Europ\u00e4ische Parlament, die [&hellip;]<\/p>\n","protected":false},"author":1,"featured_media":0,"parent":0,"menu_order":0,"comment_status":"closed","ping_status":"closed","template":"template-2col.php","meta":{"footnotes":""},"class_list":["post-918","page","type-page","status-publish","hentry"],"_links":{"self":[{"href":"https:\/\/createrefresh.eu\/de\/wp-json\/wp\/v2\/pages\/918\/"}],"collection":[{"href":"https:\/\/createrefresh.eu\/de\/wp-json\/wp\/v2\/pages\/"}],"about":[{"href":"https:\/\/createrefresh.eu\/de\/wp-json\/wp\/v2\/types\/page\/"}],"author":[{"embeddable":true,"href":"https:\/\/createrefresh.eu\/de\/wp-json\/wp\/v2\/users\/1\/"}],"replies":[{"embeddable":true,"href":"https:\/\/createrefresh.eu\/de\/wp-json\/wp\/v2\/comments\/?post=918"}],"version-history":[{"count":0,"href":"https:\/\/createrefresh.eu\/de\/wp-json\/wp\/v2\/pages\/918\/revisions\/"}],"wp:attachment":[{"href":"https:\/\/createrefresh.eu\/de\/wp-json\/wp\/v2\/media\/?parent=918"}],"curies":[{"name":"wp","href":"https:\/\/api.w.org\/{rel}","templated":true}]}}