{"id":127,"date":"2017-10-15T20:15:02","date_gmt":"2017-10-15T20:15:02","guid":{"rendered":"https:\/\/createrefresh.eu\/faq\/"},"modified":"2018-10-25T15:21:54","modified_gmt":"2018-10-25T15:21:54","slug":"faq","status":"publish","type":"page","link":"https:\/\/createrefresh.eu\/fr\/faq\/","title":{"rendered":"FAQ"},"content":{"rendered":"<h2>C\u2019est quoi, l\u2019Article 13?<\/h2>\n<p>L&rsquo;Article 13 est une disposition de la r\u00e9forme du droit d&rsquo;auteur de l&rsquo;UE, qui impose que tout contenu t\u00e9l\u00e9charg\u00e9 sur Internet soit surveill\u00e9 et potentiellement supprim\u00e9 si une ressemblance avec un contenu pr\u00e9existant prot\u00e9g\u00e9 par des droits d&rsquo;auteur est identifi\u00e9e. Les l\u00e9gislateurs europ\u00e9ens n\u00e9gocient \u00e0 pr\u00e9sent le texte final, qui sera soumis au vote des d\u00e9put\u00e9s europ\u00e9ens \u00e0 la fin de l&rsquo;ann\u00e9e.<\/p>\n<p>Pour en savoir plus, <a href=\"https:\/\/www.create.ac.uk\/policy-responses\/eu-copyright-reform\/\" rel=\"noopener\" target=\"_blank\">cliquez ici<\/a>.<\/p>\n<h2>En quoi suis-je concern\u00e9 et impact\u00e9 par l\u2019Article 13?<\/h2>\n<p class=\"p1\"><span class=\"s1\">Que l\u2019on soit cr\u00e9ateur de contenu ou simple consommateur, toute personne faisant usage d\u2019Internet sera affect\u00e9e par cette loi. C\u2019est la raison pour laquelle il est important de se mobiliser.<\/span><\/p>\n<p class=\"p1\"><span class=\"s1\">Si vous \u00eates un cr\u00e9ateur de contenu ou une entreprise ind\u00e9pendante, les contenus que vous choisissez de partager avec votre public pourraient \u00eatre supprim\u00e9s sans votre consentement. Les cr\u00e9ateurs pouvant \u00eatre impact\u00e9s incluent, sans s\u2019y limiter, les artistes &#8211; comme par exemple les caricaturistes, les gamers, les illustrateurs, les photographes, les r\u00e9alisateurs de documentaires, les cr\u00e9ateurs d\u2019animations, les musiciens, les DJs et les danseurs ou encore les blogueurs, les journalistes, et les programmeurs.<\/span><\/p>\n<p class=\"p1\"><span class=\"s1\">Les plateformes d\u2019h\u00e9bergement de contenus en ligne seront tenues de mettre en \u0153uvre des syst\u00e8mes de filtrage automatiques complexes, et seront tenues responsable de toute violation de copyright, tout en risquant des amendes qui menacent leur viabilit\u00e9 \u00e9conomique.<\/span><\/p>\n<p class=\"p1\"><span class=\"s1\">L\u2019article 13 limiterait la capacit\u00e9 des utilisateurs de la toile \u00e0 acc\u00e9der \u00e0 certains types de contenus qui font le sel de la toile. Ils pourraient se retrouver limit\u00e9s dans l\u2019acc\u00e8s \u00e0 diverses formes d\u2019expression propres \u00e0 la culture du net auxquels nous sommes aujourd\u2019hui habitu\u00e9s : La communication \u00e0 travers des gifs et des \u201cmemes\u201d, l\u2019\u00e9coute de ses remixs pr\u00e9f\u00e9r\u00e9s en ligne ou encore tout simplement, l\u2019acc\u00e8s \u00e0 des vid\u00e9os d\u2019amis chantant au karaok\u00e9&#8230;<\/span><\/p>\n<p class=\"p1\"><span class=\"s1\">Au final, c\u2019est l\u2019ensemble de la \u201cweb culture\u201d qui a \u00e9merg\u00e9e ces derni\u00e8res ann\u00e9es, une culture bas\u00e9e sur le partage, reposant sur l\u2019\u00e9change, sur l&rsquo;interconnexion et l\u2019interaction avec les contenus, qui d\u00e9mocratise l\u2019acc\u00e8s \u00e0 l\u2019information, qui se retrouve en danger de bureaucratisation et fortement contrainte. \u00a0<\/span><\/p>\n<h2>Qui est \u00e0 l\u2019initiative de ce mouvement?<\/h2>\n<p>Create.Refresh est une initiative lanc\u00e9e par des ONG et organisations de la soci\u00e9t\u00e9 civile concern\u00e9es par la libert\u00e9 d\u2019expression et le lien entre cr\u00e9ateurs et leur public sur le web. Elle est renforc\u00e9e par des cr\u00e9ateurs dans tous les domaines o\u00f9 le web a pris une place importante dans leur activit\u00e9.<\/p>\n<h2>Comment participer \u00e0 la campagne de sensibilisation?<\/h2>\n<p>Nous invitons toute personne individuelle ou organisation, \u00e0 soutenir cette mobilisation des mani\u00e8res suivantes:<\/p>\n<ul>\n<li>Montrez votre soutien \u00e0 la campagne en ajoutant notre logo sur votre site web<br \/>\nFaites porter votre voix dans la mobilisation. Notre message sera renforc\u00e9e car plus nous serons nombreux et unis, plus notre voix sera forte.<\/li>\n<li>Partagez nos contenus sur vos cha\u00eenes de r\u00e9seaux sociaux<br \/>\nNous fabriquons des vid\u00e9os explicatives, des infographies, des gifs, des memes et des contenus expliquant le danger de filtres restrictifs. Vous pouvez nous aider en amplifiant le message.<\/li>\n<li>Cr\u00e9ez du contenu relayant les messages de la campagne<br \/>\nSi vous \u00eates un cr\u00e9ateur ou fa\u00eetes partie d\u2019une industrie cr\u00e9ative, vous pouvez proposer une id\u00e9e de contenu et obtenir une bourse pour produire ce contenu portant les messages de la campagne. Faites la demande pour cette bourse \u00e0 travers le <a href=\"mailto:hello@createrefresh.eu\">Brief des cr\u00e9ateurs<\/a>.<\/li>\n<\/ul>\n<h2>Quels sont les objectifs de cette campagne?<\/h2>\n<p>Notre objectif est de modifier l&rsquo;Article 13 &#8211; en d\u2019autres mots d\u00e9fendre la libert\u00e9 d&rsquo;expression et la culture num\u00e9rique europ\u00e9enne.<\/p>\n<h2>Comment nous contacter et obtenir plus d\u2019informations?<\/h2>\n<p>Si vous souhaitez en savoir plus \u00e0 propos de cette campagne, soutenir notre message ou cr\u00e9er du contenu sur ces enjeux, merci de nous contacter sur <a href=\"mailto:hello@createrefresh.eu\"><span class=\" author-d-iz88z86z86za0dz67zz78zz78zz74zz68zjz80zz71z9iz90z9pelz84zz87zbctz68z40b7dz83zquz79zqz79z9z73zaz74zg5gz72z5a\">hello@createrefresh.eu<\/span><\/a>.<\/p>\n<h2>Comment le droit d\u2019auteur est-il per\u00e7u par Create.Refresh ?<\/h2>\n<p>Nous croyons au principe du droit d&rsquo;auteur en tant qu&rsquo;outil juridique visant \u00e0 prot\u00e9ger les cr\u00e9ateurs. C&rsquo;est parce que nous reconnaissons la valeur que repr\u00e9sente le droit d&rsquo;auteur pour les cr\u00e9ateurs et pour l&rsquo;avancement de la culture, de l&rsquo;innovation et de l&rsquo;\u00e9conomie, que nous exhortons les d\u00e9cideurs publics europ\u00e9ens \u00e0 cr\u00e9er un cadre juridique garantissant au mieux les int\u00e9r\u00eats des cr\u00e9ateurs.<\/p>\n<p>La r\u00e9forme du droit d&rsquo;auteur doit aboutir \u00e0 un environnement \u00e9quitable permettant aux cr\u00e9ateurs de prosp\u00e9rer. Internet est un espace o\u00f9 les cr\u00e9ateurs peuvent nourrir et promouvoir leur talent, leurs id\u00e9es et leur travail. A ce titre, Internet doit continuer \u00e0 \u00e9voluer pour fournir aux cr\u00e9ateurs de l&rsquo;inspiration, des connaissances, des informations et des possibilit\u00e9s de \u00a0diffusion. Cela sera possible gr\u00e2ce \u00e0 des m\u00e9canismes participatifs qui permettront aux cr\u00e9ateurs de participer au d\u00e9bat sur le droit d&rsquo;auteur. Create.Refresh vise \u00e0 permettre aux cr\u00e9ateurs de toute l&rsquo;Europe d&rsquo;unir leurs voix et de contribuer \u00e0 la cr\u00e9ation d&rsquo;un droit d&rsquo;auteur \u00e9quilibr\u00e9.<\/p>\n<h2>Quelle est la position de Create.Refresh par rapport au piratage ?<\/h2>\n<p class=\"p1\"><span class=\"s1\"><b>Create.Refresh s\u2019oppose vivement au piratage<\/b>. Nous croyons qu&rsquo;en plus d&rsquo;assurer la disponibilit\u00e9 d&rsquo;offres de contenu diversifi\u00e9es, accessibles et l\u00e9gales, des m\u00e9canismes pour d\u00e9courager et p\u00e9naliser cette pratique doivent \u00eatre mis en place. Toute solution \u00e0 ce probl\u00e8me devra \u00eatre con\u00e7ue pour prot\u00e9ger les int\u00e9r\u00eats de tous les cr\u00e9ateurs &#8211; y compris les cr\u00e9ateurs et les entreprises ind\u00e9pendants &#8211; et pas seulement les int\u00e9r\u00eats des grandes entreprises. Nous croyons que cela peut \u00eatre fait, et devrait \u00eatre fait, dans le respect des droits et libert\u00e9s fondamentaux et le maintien d&rsquo;un Internet ouvert pour les cr\u00e9ateurs. La l\u00e9gislation doit \u00e9voluer en m\u00eame temps que la technologie et fournir un cadre permettant \u00e0 la cr\u00e9ativit\u00e9 de circuler sans entrave, ni censure, ni piratage.<\/span><\/p>\n<h2>Qui est \u00e0 l\u2019initiative de notre d\u00e9marche ?<\/h2>\n<p>Create.Refresh est une initiative visant \u00e0 mettre en avant les implications concr\u00e8tes de la l\u00e9gislation sur le droit d&rsquo;auteur pour les cr\u00e9ateurs &#8211; en particulier pour les cr\u00e9ateurs ind\u00e9pendants et les petites et moyennes entreprises. L\u2019objectif ultime est d\u2019initier un d\u00e9bat, incluant les cr\u00e9ateurs, autour de la mise en place d\u2019un droit d&rsquo;auteur \u00e9quilibr\u00e9. Cette d\u00e9marche est financ\u00e9e par CCIA (Computer &amp; Communications Industry Association), Kennisland, Copyright for Creativity et CDT (Center for Democracy and Technology). Elle est soutenue par des organisations de la soci\u00e9t\u00e9 civile et de nombreux cr\u00e9ateurs.<\/p>\n<h2>De quelle mani\u00e8re la campagne soutient-elle les cr\u00e9ateurs dans la production de contenus ?<\/h2>\n<p>Create.Refresh soutient les cr\u00e9ateurs de diverses mani\u00e8res. Nous fournissons des informations sur la proposition de r\u00e9forme du droit d&rsquo;auteur, en particulier l&rsquo;article 13, ainsi que sur la position, les valeurs et les objectifs de la campagne. Dans les cas o\u00f9 les cr\u00e9ateurs veulent produire du contenu pour prendre la parole sur le sujet et qui ont besoin de financement pour cette production, nous accordons des micro-subventions pour les soutenir. Les cr\u00e9ateurs sont ainsi encourag\u00e9s \u00e0 postuler \u00e0 ces subventions afin de financer le co\u00fbt de production de leur projet. Ces micro-subventions permettent aux cr\u00e9ateurs de s&rsquo;exprimer et d\u2019assurer qu&rsquo;ils ne sont pas exclus du d\u00e9bat sur le droit d&rsquo;auteur. Create.Refresh aide \u00e9galement les cr\u00e9ateurs \u00e0 amplifier leurs voix en diffusant leur contenu \u00e0 travers divers r\u00e9seaux. Nous regroupons tous les contenus cr\u00e9\u00e9s par notre r\u00e9seau de cr\u00e9ateurs afin d\u2019envoyer un message fort : Il est temps pour les cr\u00e9ateurs de demander la mise en place d\u2019un droit d\u2019auteur \u00e9quilibr\u00e9 \u00e0 m\u00eame de prot\u00e9ger leurs int\u00e9r\u00eats et leur libert\u00e9 d\u2019expression.<\/p>\n","protected":false},"excerpt":{"rendered":"<p>C\u2019est quoi, l\u2019Article 13? L&rsquo;Article 13 est une disposition de la r\u00e9forme du droit d&rsquo;auteur de l&rsquo;UE, qui impose que tout contenu t\u00e9l\u00e9charg\u00e9 sur Internet soit surveill\u00e9 et potentiellement supprim\u00e9 si une ressemblance avec un contenu pr\u00e9existant prot\u00e9g\u00e9 par des droits d&rsquo;auteur est identifi\u00e9e. Les l\u00e9gislateurs europ\u00e9ens n\u00e9gocient \u00e0 pr\u00e9sent le texte final, qui sera [&hellip;]<\/p>\n","protected":false},"author":1,"featured_media":0,"parent":0,"menu_order":0,"comment_status":"closed","ping_status":"closed","template":"template-hygeine.php","meta":{"footnotes":""},"class_list":["post-127","page","type-page","status-publish","hentry"],"_links":{"self":[{"href":"https:\/\/createrefresh.eu\/fr\/wp-json\/wp\/v2\/pages\/127\/"}],"collection":[{"href":"https:\/\/createrefresh.eu\/fr\/wp-json\/wp\/v2\/pages\/"}],"about":[{"href":"https:\/\/createrefresh.eu\/fr\/wp-json\/wp\/v2\/types\/page\/"}],"author":[{"embeddable":true,"href":"https:\/\/createrefresh.eu\/fr\/wp-json\/wp\/v2\/users\/1\/"}],"replies":[{"embeddable":true,"href":"https:\/\/createrefresh.eu\/fr\/wp-json\/wp\/v2\/comments\/?post=127"}],"version-history":[{"count":0,"href":"https:\/\/createrefresh.eu\/fr\/wp-json\/wp\/v2\/pages\/127\/revisions\/"}],"wp:attachment":[{"href":"https:\/\/createrefresh.eu\/fr\/wp-json\/wp\/v2\/media\/?parent=127"}],"curies":[{"name":"wp","href":"https:\/\/api.w.org\/{rel}","templated":true}]}}